{"id":3739,"date":"2021-10-07T09:43:48","date_gmt":"2021-10-07T09:43:48","guid":{"rendered":"https:\/\/osterialcantinon.it\/privacy-policy\/"},"modified":"2021-10-18T09:04:52","modified_gmt":"2021-10-18T09:04:52","slug":"privacy-policy","status":"publish","type":"page","link":"https:\/\/osterialcantinon.it\/en\/privacy-policy\/","title":{"rendered":"Privacy Policy"},"content":{"rendered":"\n<p>A free translation of this page can be found here<\/p>\n\n\n\n<p><strong>Privacy Policy<\/strong><\/p>\n\n\n\n<p>In questa pagina si descrivono le modalit\u00e0 di gestione del sito osterialcantinon.it in riferimento al trattamento dei dati personali degli utenti che lo consultano.<\/p>\n\n\n\n<p>osterialcantinon.it \u00e8 un sito web creato ed aggioranto regolarmente per presentare l&#8217;Osteria al Cantinon a Venezia, lo chef Serghei Hachi e la sua attivit\u00e0.<\/p>\n\n\n\n<p>Ai fini di cui sopra \u00e8 necessit\u00e0 di chiedere all\u2019utente alcune informazioni personali.<\/p>\n\n\n\n<p>I dati personali trasmessi navigando su questo sito web (di seguito \u201cSito\u201d) saranno trattati con correttezza e trasparenza per fini leciti e tutelando la riservatezza ed i diritti nel rispetto della normativa comunitaria in materia di protezione dei dati personali (Reg. UE 2016\/679).<\/p>\n\n\n\n<p>Il presente documento non include i trattamenti svolti su altri siti web eventualmente consultabili dall\u2019utente tramite link presenti sul Sito.<\/p>\n\n\n\n<p>I trattamenti verranno effettuati con le seguenti finalit\u00e0 e modalit\u00e0:<\/p>\n\n\n\n<ol><li><strong>Titolare del Trattamento.<\/strong><\/li><\/ol>\n\n\n\n<p>Ai sensi della normativa citata, il Titolare del Trattamento \u00e8 SERGHEI HACHI\nCF: HCHSGH87C25Z140W\nP.IVA 04378430278\nvia F.Rismondo 1B Venezia 30173 IT, indirizzo mail: info@osterialcantinon.it<\/p>\n\n\n\n<ol start=\"2\"><li><strong>Oggetto del Trattamento.<\/strong><\/li><\/ol>\n\n\n\n<p>Il Titolare tratter\u00e0 i dati personali comunicati compilando i formche si trovano nell\u2019area \u201cContatti\u201d (nome, cognome, e-mail, telefono) unicamente per le finalit\u00e0 indicate alla presente informativa.<\/p>\n\n\n\n<ol start=\"3\"><li><strong>Finalit\u00e0 del trattamento.&nbsp;<\/strong><\/li><\/ol>\n\n\n\n<p>Le finalit\u00e0 del trattamento perseguite in linea generale dal Titolare possono riassumersi come segue:<\/p>\n\n\n\n<ol><li>per consentire all\u2019utente di inviare messaggi al Titolare del Sito;<\/li><li>per richiedere una prenotazione nel suo ristorante.<\/li><li><strong>Categorie dei dati personali trattati.<\/strong><\/li><\/ol>\n\n\n\n<p>I dati trattati saranno quelli strettamente necessari per le finalit\u00e0 richieste e\/o autorizzate.<\/p>\n\n\n\n<ol start=\"5\"><li><strong>Destinatari o eventuali categorie di destinatari dei dati personali.<\/strong><\/li><\/ol>\n\n\n\n<p>I dati personali non saranno diffusi e saranno trattati con modalit\u00e0 organizzative e logiche correlate agli scopi sopra specificati.<\/p>\n\n\n\n<ol start=\"6\"><li><strong>Trasferimento dei dati.<\/strong><\/li><\/ol>\n\n\n\n<p>La gestione e la conservazione dei dati personali avverr\u00e0 su serverdel Titolare e\/o di societ\u00e0 terze incaricate, ubicati all\u2019interno dell\u2019UE e non verr\u00e0 effettuato alcun trasferimento degli stessi al di fuori del territorio dell\u2019Unione Europea.<\/p>\n\n\n\n<ol start=\"7\"><li><strong>Periodo di conservazione.<\/strong><\/li><\/ol>\n\n\n\n<p>Il Titolare tratterr\u00e0 i dati personali forniti, nome, cognome ed e-mail, telefono, per il tempo necessario ad adempiere alle finalit\u00e0 sopra descritte; i dati verranno cancellati, di conseguenza, il giorno dopo la fine della corrispondenza via mail intercorsa con il Titolare del Sito. In caso richiesta di prenotazione l&#8217;indirizzo mail e il telefono dell\u2019utente verranno conservato per il periodo necessario alla registrazione e garanzia della prenotazione.<\/p>\n\n\n\n<p><strong>Diritti dell\u2019interessato.<\/strong><\/p>\n\n\n\n<p>In qualit\u00e0 di interessato, all\u2019utente sono riconosciuti i seguenti diritti:<\/p>\n\n\n\n<p>a) il diritto di chiedere al Titolare del trattamento l\u2019accesso ai dati personali e, se esistenti, la rettifica o la cancellazione degli stessi o la limitazione del trattamento che lo riguardano o di opporsi al loro trattamento, oltre al diritto alla portabilit\u00e0 dei dati;<\/p>\n\n\n\n<p>b) il diritto di revocare il consenso prestato per le finalit\u00e0 di cui all\u2019art. 3b), in qualsiasi momento senza pregiudicare la liceit\u00e0 del trattamento basata sul consenso prestato prima della revoca;<\/p>\n\n\n\n<p>c) il diritto di proporre reclamo a un\u2019autorit\u00e0 di controllo.<\/p>\n\n\n\n<p>L\u2019utente potr\u00e0 esercitare i predetti diritti inviando una mail indirizzata al Titolare del trattamento all\u2019indirizzo di cui al precedente art. 1).<\/p>\n\n\n\n<ol start=\"8\"><li><strong>Natura del conferimento dei dati e conseguenze del rifiuto di rispondere.<\/strong><\/li><\/ol>\n\n\n\n<p>Le comunicazioni dei dati per le finalit\u00e0 sopra indicate \u00e8 necessaria ed obbligatoria; in loro assenza, infatti, non potr\u00f2 fornirTi i servizi specificati al Punto 3.<\/p>\n\n\n\n<p>Ultimo aggiornamento : 07.10.21<\/p>\n","protected":false},"excerpt":{"rendered":"<p>A free translation of this page can be found here Privacy Policy In questa pagina si descrivono le modalit\u00e0 di gestione del sito osterialcantinon.it in riferimento al trattamento dei dati personali degli utenti che lo consultano. osterialcantinon.it \u00e8 un sito [&hellip;]<\/p>\n","protected":false},"author":1,"featured_media":0,"parent":0,"menu_order":0,"comment_status":"closed","ping_status":"closed","template":"","meta":[],"_links":{"self":[{"href":"https:\/\/osterialcantinon.it\/en\/wp-json\/wp\/v2\/pages\/3739"}],"collection":[{"href":"https:\/\/osterialcantinon.it\/en\/wp-json\/wp\/v2\/pages"}],"about":[{"href":"https:\/\/osterialcantinon.it\/en\/wp-json\/wp\/v2\/types\/page"}],"author":[{"embeddable":true,"href":"https:\/\/osterialcantinon.it\/en\/wp-json\/wp\/v2\/users\/1"}],"replies":[{"embeddable":true,"href":"https:\/\/osterialcantinon.it\/en\/wp-json\/wp\/v2\/comments?post=3739"}],"version-history":[{"count":0,"href":"https:\/\/osterialcantinon.it\/en\/wp-json\/wp\/v2\/pages\/3739\/revisions"}],"wp:attachment":[{"href":"https:\/\/osterialcantinon.it\/en\/wp-json\/wp\/v2\/media?parent=3739"}],"curies":[{"name":"wp","href":"https:\/\/api.w.org\/{rel}","templated":true}]}}